{"id":2686,"date":"2016-03-17T13:21:20","date_gmt":"2016-03-17T13:21:20","guid":{"rendered":"https:\/\/electro.madrasthemes.com\/product\/tablet-white-elitebook-revolve-810-g5\/"},"modified":"2026-03-15T20:25:44","modified_gmt":"2026-03-15T20:25:44","slug":"tablet-white-elitebook-revolve-810-g5","status":"publish","type":"product","link":"https:\/\/afacerinebune.com\/ro\/produs\/tablet-white-elitebook-revolve-810-g5\/","title":{"rendered":"Tablet\u0103 EliteBook Revolve 810 G5 alb\u0103"},"content":{"rendered":"<p><img fetchpriority=\"high\" decoding=\"async\" class=\"alignnone wp-image-2994 size-large\" src=\"https:\/\/demo.madrasthemes.com\/demo-2\/wp-content\/uploads\/sites\/51\/2018\/10\/electro-description-placeholder-3.png\" alt=\"overview_hero_2x\" width=\"1024\" height=\"430\" \/><\/p>\n<p>Un ecran Retina revolu\u021bionar. Procesoare Intel puternice dual-core \u0219i quad-core. Stocare flash rapid\u0103. Grafic\u0103 de \u00eenalt\u0103 performan\u021b\u0103. Aplica\u021bii \u00eencorporate excelente. \u0218i acum, \u00een modelul de 13 inch, un nou trackpad Force Touch revolu\u021bionar \u0219i o durat\u0103 de via\u021b\u0103 a bateriei \u0219i mai lung\u0103.1 Indiferent ce \u021bi-ai putea imagina, MacBook Pro cu ecran Retina \u00ee\u021bi ofer\u0103 puterea de a crea.<\/p>\n<p>Designul MacBook Pro ofer\u0103 mult\u0103 putere \u00eentr-un spa\u021biu redus. Pentru c\u0103 noi credem c\u0103 performan\u021ba ridicat\u0103 nu ar trebui s\u0103 vin\u0103 \u00een detrimentul portabilit\u0103\u021bii. \u0218i, \u00een ciuda faptului c\u0103 sunt at\u00e2t de compacte, noile modele MacBook Pro de 13 inci \u0219i 15 inci cu ecran Retina ofer\u0103 acum o autonomie a bateriei de p\u00e2n\u0103 la 10 ore, respectiv nou\u0103 ore - cu o or\u0103 mai mult dec\u00e2t modelele anterioare.<\/p>\n<p><img decoding=\"async\" class=\"alignnone wp-image-2993 size-full\" src=\"https:\/\/demo.madrasthemes.com\/demo-2\/wp-content\/uploads\/sites\/51\/2018\/10\/electro-description-placeholder-3.png\" alt=\"hero_large_2x\" width=\"1956\" height=\"724\" \/><\/p>\n<p>Cu Multi-Touch \u00een OS X, po\u021bi folosi gesturi realiste, cum ar fi glisarea sau ciupirea degetelor, pentru a comuta \u00eentre aplica\u021bii, a naviga \u00een con\u021binut \u0219i a profita la maximum de spa\u021biul de pe desktop.<\/p>\n<p>Noul trackpad Force Touch preia toate func\u021bionalit\u0103\u021bile Multi-Touch \u0219i adaug\u0103 senzori de for\u021b\u0103 care detecteaz\u0103 diferen\u021be subtile \u00een ceea ce prive\u0219te presiunea aplicat\u0103 \u00een jos. Acest lucru v\u0103 permite s\u0103 ave\u021bi o conexiune mai profund\u0103 cu con\u021binutul dvs., aduc\u00e2nd mai multe func\u021bionalit\u0103\u021bi la \u00eendem\u00e2n\u0103. De asemenea, introduce feedback haptic pe MacBook Pro - permi\u021b\u00e2ndu-v\u0103 nu doar s\u0103 vede\u021bi ce se \u00eent\u00e2mpl\u0103 pe ecran, ci \u0219i s\u0103 sim\u021bi\u021bi.<\/p>","protected":false},"excerpt":{"rendered":"<ul>\n<li>Ecran HD de 4,5 inci<\/li>\n<li>Sistem de operare Android 4.4 KitKat<\/li>\n<li>Procesor Quad Core\u2122 de 1,4 GHz<\/li>\n<li>Camer\u0103 frontal\u0103 de 20 MP<\/li>\n<\/ul>","protected":false},"featured_media":7455,"comment_status":"open","ping_status":"closed","template":"","meta":{"_acf_changed":false},"product_brand":[],"product_cat":[128],"product_tag":[],"class_list":{"0":"post-2686","1":"product","2":"type-product","3":"status-publish","4":"has-post-thumbnail","6":"product_cat-tablets","8":"first","9":"instock","10":"shipping-taxable","11":"purchasable","12":"product-type-simple"},"acf":[],"jetpack_sharing_enabled":true,"_links":{"self":[{"href":"https:\/\/afacerinebune.com\/ro\/wp-json\/wp\/v2\/product\/2686","targetHints":{"allow":["GET"]}}],"collection":[{"href":"https:\/\/afacerinebune.com\/ro\/wp-json\/wp\/v2\/product"}],"about":[{"href":"https:\/\/afacerinebune.com\/ro\/wp-json\/wp\/v2\/types\/product"}],"replies":[{"embeddable":true,"href":"https:\/\/afacerinebune.com\/ro\/wp-json\/wp\/v2\/comments?post=2686"}],"wp:featuredmedia":[{"embeddable":true,"href":"https:\/\/afacerinebune.com\/ro\/wp-json\/wp\/v2\/media\/7455"}],"wp:attachment":[{"href":"https:\/\/afacerinebune.com\/ro\/wp-json\/wp\/v2\/media?parent=2686"}],"wp:term":[{"taxonomy":"product_brand","embeddable":true,"href":"https:\/\/afacerinebune.com\/ro\/wp-json\/wp\/v2\/product_brand?post=2686"},{"taxonomy":"product_cat","embeddable":true,"href":"https:\/\/afacerinebune.com\/ro\/wp-json\/wp\/v2\/product_cat?post=2686"},{"taxonomy":"product_tag","embeddable":true,"href":"https:\/\/afacerinebune.com\/ro\/wp-json\/wp\/v2\/product_tag?post=2686"}],"curies":[{"name":"wp","href":"https:\/\/api.w.org\/{rel}","templated":true}]}}