{"id":7509,"date":"2026-03-31T19:44:43","date_gmt":"2026-03-31T19:44:43","guid":{"rendered":"https:\/\/afacerinebune.com\/?post_type=product&#038;p=7509"},"modified":"2026-03-31T19:44:43","modified_gmt":"2026-03-31T19:44:43","slug":"perna-cervicala","status":"publish","type":"product","link":"https:\/\/afacerinebune.com\/ro\/produs\/perna-cervicala\/","title":{"rendered":"PERNA CERVICAL\u0102"},"content":{"rendered":"<p>Ajut\u0103 la ameliorarea durerilor de g\u00e2t \u00een \u200b\u200bdoar 10 minute pe zi. Dispozitivul de \u00eentindere a g\u00e2tului este destinat persoanelor care \u00ee\u0219i pleac\u0103 capul \u00eendelungat, stau nemi\u0219cate mult timp, au o postur\u0103 incorect\u0103 \u00een \u0219ezut, au g\u00e2t rigid, ajut\u0103 la ameliorarea durerilor \u0219i a presiunii asupra g\u00e2tului, ajut\u0103 la restabilirea natural\u0103 a curburii g\u00e2tului.<\/p>","protected":false},"excerpt":{"rendered":"<p>Ajut\u0103 la ameliorarea durerilor de g\u00e2t \u00een \u200b\u200bdoar 10 minute pe zi. Dispozitivul de \u00eentindere a g\u00e2tului este destinat persoanelor care \u00ee\u0219i pleac\u0103 capul \u00eendelungat, stau nemi\u0219cate mult timp, au<\/p>","protected":false},"featured_media":7515,"comment_status":"open","ping_status":"closed","template":"","meta":{"_acf_changed":false},"product_brand":[],"product_cat":[15],"product_tag":[],"class_list":{"0":"post-7509","1":"product","2":"type-product","3":"status-publish","4":"has-post-thumbnail","6":"product_cat-uncategorized","8":"first","9":"instock","10":"shipping-taxable","11":"purchasable","12":"product-type-simple"},"acf":[],"jetpack_sharing_enabled":true,"_links":{"self":[{"href":"https:\/\/afacerinebune.com\/ro\/wp-json\/wp\/v2\/product\/7509","targetHints":{"allow":["GET"]}}],"collection":[{"href":"https:\/\/afacerinebune.com\/ro\/wp-json\/wp\/v2\/product"}],"about":[{"href":"https:\/\/afacerinebune.com\/ro\/wp-json\/wp\/v2\/types\/product"}],"replies":[{"embeddable":true,"href":"https:\/\/afacerinebune.com\/ro\/wp-json\/wp\/v2\/comments?post=7509"}],"wp:featuredmedia":[{"embeddable":true,"href":"https:\/\/afacerinebune.com\/ro\/wp-json\/wp\/v2\/media\/7515"}],"wp:attachment":[{"href":"https:\/\/afacerinebune.com\/ro\/wp-json\/wp\/v2\/media?parent=7509"}],"wp:term":[{"taxonomy":"product_brand","embeddable":true,"href":"https:\/\/afacerinebune.com\/ro\/wp-json\/wp\/v2\/product_brand?post=7509"},{"taxonomy":"product_cat","embeddable":true,"href":"https:\/\/afacerinebune.com\/ro\/wp-json\/wp\/v2\/product_cat?post=7509"},{"taxonomy":"product_tag","embeddable":true,"href":"https:\/\/afacerinebune.com\/ro\/wp-json\/wp\/v2\/product_tag?post=7509"}],"curies":[{"name":"wp","href":"https:\/\/api.w.org\/{rel}","templated":true}]}}