{"id":7520,"date":"2026-03-31T19:45:46","date_gmt":"2026-03-31T19:45:46","guid":{"rendered":"https:\/\/afacerinebune.com\/?post_type=product&#038;p=7520"},"modified":"2026-03-31T19:45:47","modified_gmt":"2026-03-31T19:45:47","slug":"cusca-animale","status":"publish","type":"product","link":"https:\/\/afacerinebune.com\/ro\/produs\/cusca-animale\/","title":{"rendered":"CUSCA ANIMALE"},"content":{"rendered":"<p>Asigur\u0103 confort \u0219i siguran\u021b\u0103 pentru micii t\u0103i companioni cu cu\u0219ca PawHut multifunc\u021bional\u0103. Designul pe mai multe niveluri include rampe \u0219i platforme ideale pentru mi\u0219care \u0219i joac\u0103 zilnic\u0103. Structura metalic\u0103 durabil\u0103 permite o bun\u0103 ventilare, iar t\u0103vi\u021ba deta\u0219abil\u0103 faciliteaz\u0103 cur\u0103\u021barea rapid\u0103. Cu\u0219ca este echipat\u0103 cu ro\u021bi pivotante pentru transport facil \u00eentre camere. Perfect\u0103 pentru iepuri, dihori, hamsteri sau alte animale mici, oferind un spa\u021biu de joac\u0103 bine organizat \u0219i sigur.<\/p>","protected":false},"excerpt":{"rendered":"<p>Asigur\u0103 confort \u0219i siguran\u021b\u0103 pentru micii t\u0103i companioni cu cu\u0219ca PawHut multifunc\u021bional\u0103. Designul pe mai multe niveluri include rampe \u0219i platforme ideale pentru mi\u0219care \u0219i joac\u0103 zilnic\u0103. Structura metalic\u0103 durabil\u0103<\/p>","protected":false},"featured_media":7513,"comment_status":"open","ping_status":"closed","template":"","meta":{"_acf_changed":false},"product_brand":[],"product_cat":[15],"product_tag":[],"class_list":{"0":"post-7520","1":"product","2":"type-product","3":"status-publish","4":"has-post-thumbnail","6":"product_cat-uncategorized","8":"first","9":"instock","10":"shipping-taxable","11":"purchasable","12":"product-type-simple"},"acf":[],"jetpack_sharing_enabled":true,"_links":{"self":[{"href":"https:\/\/afacerinebune.com\/ro\/wp-json\/wp\/v2\/product\/7520","targetHints":{"allow":["GET"]}}],"collection":[{"href":"https:\/\/afacerinebune.com\/ro\/wp-json\/wp\/v2\/product"}],"about":[{"href":"https:\/\/afacerinebune.com\/ro\/wp-json\/wp\/v2\/types\/product"}],"replies":[{"embeddable":true,"href":"https:\/\/afacerinebune.com\/ro\/wp-json\/wp\/v2\/comments?post=7520"}],"wp:featuredmedia":[{"embeddable":true,"href":"https:\/\/afacerinebune.com\/ro\/wp-json\/wp\/v2\/media\/7513"}],"wp:attachment":[{"href":"https:\/\/afacerinebune.com\/ro\/wp-json\/wp\/v2\/media?parent=7520"}],"wp:term":[{"taxonomy":"product_brand","embeddable":true,"href":"https:\/\/afacerinebune.com\/ro\/wp-json\/wp\/v2\/product_brand?post=7520"},{"taxonomy":"product_cat","embeddable":true,"href":"https:\/\/afacerinebune.com\/ro\/wp-json\/wp\/v2\/product_cat?post=7520"},{"taxonomy":"product_tag","embeddable":true,"href":"https:\/\/afacerinebune.com\/ro\/wp-json\/wp\/v2\/product_tag?post=7520"}],"curies":[{"name":"wp","href":"https:\/\/api.w.org\/{rel}","templated":true}]}}