{"id":7525,"date":"2026-03-31T19:48:05","date_gmt":"2026-03-31T19:48:05","guid":{"rendered":"https:\/\/afacerinebune.com\/?post_type=product&#038;p=7525"},"modified":"2026-03-31T19:48:05","modified_gmt":"2026-03-31T19:48:05","slug":"piscina-intex","status":"publish","type":"product","link":"https:\/\/afacerinebune.com\/ro\/produs\/piscina-intex\/","title":{"rendered":"Piscin\u0103 Intex"},"content":{"rendered":"<p>O piscin\u0103 Intex Easy Set Above Ground ofer\u0103 un \u00eenceput perfect pentru distrac\u021bia la piscin\u0103. Este extrem de u\u0219or \u0219i rapid de instalat \u0219i este o excelent\u0103 de a te r\u0103cori \u00een zilele c\u0103lduroase. Aceast\u0103 zon\u0103 este ideal\u0103 pentru vreme nea\u0219teptat\u0103. Pur \u0219i simplu \u00eentinde\u021bi piscin\u0103, umfla\u021bi marginea \u0219i umple\u021bi-o cu ap\u0103. Poate fi at\u00e2t de simplu!<br \/>\nPiscin\u0103 gonflabil\u0103 rotund\u0103 Intex \u2013 305\u00d761 cm<\/p>","protected":false},"excerpt":{"rendered":"<p>O piscin\u0103 Intex Easy Set Above Ground ofer\u0103 un \u00eenceput perfect pentru distrac\u021bia la piscin\u0103. Este extrem de u\u0219or \u0219i rapid de instalat \u0219i este o metod\u0103 excelent\u0103 de a<\/p>","protected":false},"featured_media":7511,"comment_status":"open","ping_status":"closed","template":"","meta":{"_acf_changed":false},"product_brand":[],"product_cat":[15],"product_tag":[],"class_list":{"0":"post-7525","1":"product","2":"type-product","3":"status-publish","4":"has-post-thumbnail","6":"product_cat-uncategorized","8":"first","9":"instock","10":"shipping-taxable","11":"purchasable","12":"product-type-simple"},"acf":[],"jetpack_sharing_enabled":true,"_links":{"self":[{"href":"https:\/\/afacerinebune.com\/ro\/wp-json\/wp\/v2\/product\/7525","targetHints":{"allow":["GET"]}}],"collection":[{"href":"https:\/\/afacerinebune.com\/ro\/wp-json\/wp\/v2\/product"}],"about":[{"href":"https:\/\/afacerinebune.com\/ro\/wp-json\/wp\/v2\/types\/product"}],"replies":[{"embeddable":true,"href":"https:\/\/afacerinebune.com\/ro\/wp-json\/wp\/v2\/comments?post=7525"}],"wp:featuredmedia":[{"embeddable":true,"href":"https:\/\/afacerinebune.com\/ro\/wp-json\/wp\/v2\/media\/7511"}],"wp:attachment":[{"href":"https:\/\/afacerinebune.com\/ro\/wp-json\/wp\/v2\/media?parent=7525"}],"wp:term":[{"taxonomy":"product_brand","embeddable":true,"href":"https:\/\/afacerinebune.com\/ro\/wp-json\/wp\/v2\/product_brand?post=7525"},{"taxonomy":"product_cat","embeddable":true,"href":"https:\/\/afacerinebune.com\/ro\/wp-json\/wp\/v2\/product_cat?post=7525"},{"taxonomy":"product_tag","embeddable":true,"href":"https:\/\/afacerinebune.com\/ro\/wp-json\/wp\/v2\/product_tag?post=7525"}],"curies":[{"name":"wp","href":"https:\/\/api.w.org\/{rel}","templated":true}]}}