{"id":7526,"date":"2026-03-31T19:48:41","date_gmt":"2026-03-31T19:48:41","guid":{"rendered":"https:\/\/afacerinebune.com\/?post_type=product&#038;p=7526"},"modified":"2026-03-31T19:48:41","modified_gmt":"2026-03-31T19:48:41","slug":"jucarie-pentru-caini","status":"publish","type":"product","link":"https:\/\/afacerinebune.com\/ro\/produs\/jucarie-pentru-caini\/","title":{"rendered":"JUC\u0102RIE PENTRU CAINI"},"content":{"rendered":"<p>Juc\u0103rie de plu\u0219 pentru c\u00e2ini, care sc\u00e2r\u021b\u00e2ie, pentru a juca interactiv\u0103; cadou perfect pentru c\u0103\u021bei \u0219i c\u00e2ini de talie mic\u0103, medie \u0219i mare. Include 2 juc\u0103rii de plus \u00een form\u0103 de leu \u0219i veveri\u021b\u0103. Designul moale \u0219i u\u0219or din mai este potrivit pentru arunc\u0103ri u\u0219oare \u0219i jocuri de aducere. Sc\u00e2r\u021b\u00e2itul din interiorul fiec\u0103rei juc\u0103rii ofer\u0103 un plus de intrig\u0103 \u0219i ajutor la captarea aten\u021biei c\u0103\u021belului. Excelent pentru mestecat \u0219i joac\u0103, plus ajutor la cur\u0103\u021barea din\u021bilor, protej\u00e2nd s\u0103n\u0103tatea acestora. This juc\u0103rie este potrivit\u0103 doar pentru animalele de companie, v\u0103 rug\u0103m s\u0103 nu v\u0103 da\u021bi copiilor.<br \/>\nDimensiunile produsului: aproximativ 38 x 20,3 x 10,16 cm fiecare.<\/p>","protected":false},"excerpt":{"rendered":"<p>Juc\u0103rie de plu\u0219 pentru c\u00e2ini, care sc\u00e2r\u021b\u00e2ie, pentru joac\u0103 interactiv\u0103; cadou perfect pentru c\u0103\u021bei \u0219i c\u00e2ini de talie mic\u0103, medie \u0219i mare. Include 2 juc\u0103rii de plu\u0219 \u00een form\u0103 de<\/p>","protected":false},"featured_media":7512,"comment_status":"open","ping_status":"closed","template":"","meta":{"_acf_changed":false},"product_brand":[],"product_cat":[15],"product_tag":[],"class_list":{"0":"post-7526","1":"product","2":"type-product","3":"status-publish","4":"has-post-thumbnail","6":"product_cat-uncategorized","8":"first","9":"instock","10":"shipping-taxable","11":"purchasable","12":"product-type-simple"},"acf":[],"jetpack_sharing_enabled":true,"_links":{"self":[{"href":"https:\/\/afacerinebune.com\/ro\/wp-json\/wp\/v2\/product\/7526","targetHints":{"allow":["GET"]}}],"collection":[{"href":"https:\/\/afacerinebune.com\/ro\/wp-json\/wp\/v2\/product"}],"about":[{"href":"https:\/\/afacerinebune.com\/ro\/wp-json\/wp\/v2\/types\/product"}],"replies":[{"embeddable":true,"href":"https:\/\/afacerinebune.com\/ro\/wp-json\/wp\/v2\/comments?post=7526"}],"wp:featuredmedia":[{"embeddable":true,"href":"https:\/\/afacerinebune.com\/ro\/wp-json\/wp\/v2\/media\/7512"}],"wp:attachment":[{"href":"https:\/\/afacerinebune.com\/ro\/wp-json\/wp\/v2\/media?parent=7526"}],"wp:term":[{"taxonomy":"product_brand","embeddable":true,"href":"https:\/\/afacerinebune.com\/ro\/wp-json\/wp\/v2\/product_brand?post=7526"},{"taxonomy":"product_cat","embeddable":true,"href":"https:\/\/afacerinebune.com\/ro\/wp-json\/wp\/v2\/product_cat?post=7526"},{"taxonomy":"product_tag","embeddable":true,"href":"https:\/\/afacerinebune.com\/ro\/wp-json\/wp\/v2\/product_tag?post=7526"}],"curies":[{"name":"wp","href":"https:\/\/api.w.org\/{rel}","templated":true}]}}